{"id":736,"date":"2021-01-05T12:58:30","date_gmt":"2021-01-05T12:58:30","guid":{"rendered":"https:\/\/cortijocolomo.com\/?page_id=736"},"modified":"2023-06-08T12:31:53","modified_gmt":"2023-06-08T12:31:53","slug":"nuestros-productos-2","status":"publish","type":"page","link":"https:\/\/cortijocolomo.com\/index.php\/nuestros-productos-2\/","title":{"rendered":"Nuestros productos"},"content":{"rendered":"<p>[et_pb_section fb_built=\u00bb1&#8243; fullwidth=\u00bbon\u00bb _builder_version=\u00bb4.16&#8243; _module_preset=\u00bbdefault\u00bb global_colors_info=\u00bb{}\u00bb][et_pb_fullwidth_code _builder_version=\u00bb4.16&#8243; _module_preset=\u00bbdefault\u00bb min_height=\u00bb488px\u00bb custom_padding=\u00bb|500px||500px|false|false\u00bb custom_padding_tablet=\u00bb|0px||0px|false|false\u00bb custom_padding_phone=\u00bb|0px||0px|false|false\u00bb custom_padding_last_edited=\u00bbon|desktop\u00bb global_colors_info=\u00bb{}\u00bb]<pee class='head_productos'><!-- [et_pb_line_break_holder] -->  NUESTROS PRODUCTOS<!-- [et_pb_line_break_holder] -->  <\/pee>  <!-- [et_pb_line_break_holder] --><\/p>\n<div class='iframe-container'><!-- [et_pb_line_break_holder] --><!-- [et_pb_line_break_holder] --><!-- [et_pb_line_break_holder] --><iframe src='https:\/\/cortijocolomo.com\/wp-content\/uploads\/360-colomo\/index.html' ><!-- [et_pb_line_break_holder] -->  <!-- [et_pb_line_break_holder] --><\/iframe><!-- [et_pb_line_break_holder] -->  <\/div>\n<p>[\/et_pb_fullwidth_code][\/et_pb_section][et_pb_section fb_built=\u00bb1&#8243; admin_label=\u00bbProducts Section\u00bb _builder_version=\u00bb4.16&#8243; min_height=\u00bb2607px\u00bb custom_padding=\u00bb110px|0px|110px|0px\u00bb global_colors_info=\u00bb{}\u00bb][et_pb_row _builder_version=\u00bb4.16&#8243; hover_enabled=\u00bb0&#8243; global_colors_info=\u00bb{}\u00bb sticky_enabled=\u00bb0&#8243;][et_pb_column type=\u00bb4_4&#8243; _builder_version=\u00bb4.16&#8243; custom_padding=\u00bb|||\u00bb global_colors_info=\u00bb{}\u00bb custom_padding__hover=\u00bb|||\u00bb][et_pb_text admin_label=\u00bbTittle\u00bb _builder_version=\u00bb4.16&#8243; text_font=\u00bbNunito||||||||\u00bb text_font_size=\u00bb18px\u00bb text_line_height=\u00bb1.8em\u00bb header_text_align=\u00bbcenter\u00bb header_3_font=\u00bbOswald|||on|||||\u00bb header_3_font_size=\u00bb42px\u00bb header_3_letter_spacing=\u00bb2px\u00bb header_3_line_height=\u00bb1.5em\u00bb max_width=\u00bb100%\u00bb max_width_tablet=\u00bb\u00bb max_width_phone=\u00bb\u00bb max_width_last_edited=\u00bbon|phone\u00bb module_alignment=\u00bbleft\u00bb custom_margin=\u00bb|||\u00bb locked=\u00bboff\u00bb inline_fonts=\u00bbAlegreya\u00bb global_colors_info=\u00bb{}\u00bb]<\/p>\n<h3 style=\"text-align: center;\"><span style=\"font-family: Alegreya; font-weight: normal;\"><em>Aceite de oliva VIRGEN EXTRA <\/em><\/span><\/h3>\n<h3 style=\"text-align: center;\"><strong><span style=\"font-family: Alegreya;\"><em>PremiuM<\/em><\/span><\/strong><\/h3>\n<p>[\/et_pb_text][et_pb_text _builder_version=\u00bb4.16&#8243; _module_preset=\u00bbdefault\u00bb text_font=\u00bb||||||||\u00bb text_font_size=\u00bb1.6em\u00bb text_line_height=\u00bb1.6em\u00bb inline_fonts=\u00bbAlegreya Sans\u00bb global_colors_info=\u00bb{}\u00bb]<\/p>\n<p style=\"text-align: justify;\">\u00a0 \u00a0 \u00a0<span style=\"font-family: 'Alegreya Sans'; font-weight: normal; font-size: x-large; color: #2d1800;\"><em>Nuestro <strong>AOVE PREMIUM CORTIJO COLOMO<\/strong>\u00a0nace del fruto de un trabajo exhaustivo y minucioso. <span style=\"text-decoration: underline;\">Un aove \u00fanico<\/span>. Un zumo de oliva directo a su plato y con todas sus propiedades naturales. De nuestros olivares milenarios, en la zona de la Subb\u00e9tica Cordobesa, a m\u00e1s de <strong>1.000 metros<\/strong> de altura, exactamente en el v\u00e9rtice de tres provincias andaluzas como son Granada, C\u00f3rdoba y Ja\u00e9n.<\/em><\/span><\/p>\n<p style=\"text-align: justify;\"><span style=\"font-family: 'Alegreya Sans'; font-weight: normal; font-size: x-large; color: #2d1800;\"><em>\u00a0 \u00a0 \u00a0D<span>e la variedad <strong>picuda y hojiblanca<\/strong>, o<\/span><span>btenido a partir de aceitunas seleccionadas de nuestras fincas y recogida en su momento id\u00f3neo para fabricar nuestro mejor producto. R<\/span>ecogemos sus frutos de manera tradicional a inicio de campa\u00f1a en los meses de octubre y noviembre.<\/em><\/span><\/p>\n<p style=\"text-align: justify;\"><span style=\"font-family: 'Alegreya Sans'; font-weight: normal; font-size: x-large; color: #2d1800;\"><em><span>\u00a0 \u00a0 Explosi\u00f3n de notas deliciosamente afrutadas, elegancia vinculada a riqueza arom\u00e1tica. Elegante color verde con reflejos dorados delicados. Explosi\u00f3n de aromas frescos y frutados de manzana y aceituna verde madura.\u00a0<\/span><span>Perfumado y fragante. Delicado sabor a tomate hierba reci\u00e9n cortada y almendra fresca, final de notas amargas y agradable picante de pimienta blanca.<\/span><\/em><\/span><\/p>\n<p style=\"text-align: justify;\"><span style=\"font-family: 'Alegreya Sans'; font-weight: normal; font-size: x-large; color: #2d1800;\"><em>\u00a0 \u00a0De esta manera, obtenemos nuestro formato m\u00e1s <strong>exclusivo<\/strong>\u00a0para aquellas fechas m\u00e1s se\u00f1aladas en las que queremos compartir un buen producto con todo lujo de detalles.<\/em><\/span><\/p>\n<p>[\/et_pb_text][et_pb_shop type=\u00bbproduct_category\u00bb include_categories=\u00bb32&#8243; columns_number=\u00bb1&#8243; orderby=\u00bbmenu_order\u00bb _builder_version=\u00bb4.16&#8243; title_font=\u00bbOswald|||on|||||\u00bb title_font_size=\u00bb18px\u00bb title_letter_spacing=\u00bb1px\u00bb title_line_height=\u00bb1.5em\u00bb price_font=\u00bbNunito||||||||\u00bb price_font_size=\u00bb16px\u00bb price_letter_spacing=\u00bb1px\u00bb price_line_height=\u00bb1.8em\u00bb text_orientation=\u00bbcenter\u00bb width=\u00bb29%\u00bb max_width=\u00bb29%\u00bb module_alignment=\u00bbcenter\u00bb min_height=\u00bb419px\u00bb height=\u00bb429px\u00bb global_colors_info=\u00bb{}\u00bb][\/et_pb_shop][et_pb_text admin_label=\u00bbTittle\u00bb _builder_version=\u00bb4.16&#8243; text_font=\u00bbNunito||||||||\u00bb text_font_size=\u00bb18px\u00bb text_line_height=\u00bb1.8em\u00bb header_text_align=\u00bbcenter\u00bb header_3_font=\u00bbOswald|||on|||||\u00bb header_3_font_size=\u00bb42px\u00bb header_3_letter_spacing=\u00bb2px\u00bb header_3_line_height=\u00bb1.5em\u00bb max_width=\u00bb100%\u00bb max_width_tablet=\u00bb\u00bb max_width_phone=\u00bb\u00bb max_width_last_edited=\u00bbon|phone\u00bb module_alignment=\u00bbleft\u00bb custom_margin=\u00bb|||\u00bb locked=\u00bboff\u00bb inline_fonts=\u00bbAlegreya\u00bb global_colors_info=\u00bb{}\u00bb]<\/p>\n<h3 style=\"text-align: center;\"><span style=\"font-family: Alegreya; font-weight: normal;\"><em>PRODUCTOS<\/em><\/span><\/h3>\n<h3 style=\"text-align: center;\"><strong><span style=\"font-family: Alegreya;\"><i>GOURMET<\/i><\/span><\/strong><\/h3>\n<p>[\/et_pb_text][et_pb_text _builder_version=\u00bb4.16&#8243; _module_preset=\u00bbdefault\u00bb text_font=\u00bb||||||||\u00bb text_font_size=\u00bb1.6em\u00bb text_line_height=\u00bb1.6em\u00bb custom_padding=\u00bb||40px|||\u00bb inline_fonts=\u00bbAlegreya Sans\u00bb global_colors_info=\u00bb{}\u00bb]<\/p>\n<p style=\"text-align: justify;\">\u00a0 \u00a0 \u00a0<span style=\"font-family: 'Alegreya Sans'; font-weight: normal;\">\u00a0<span style=\"color: #2d1800;\">Nuestros productos gourmet son el complemento perfecto para acompa\u00f1ar la velada ideal<\/span><\/span><span style=\"color: #2d1800; font-family: 'Alegreya Sans'; font-size: 22.4px; text-align: center;\">.<\/span><\/p>\n<p>[\/et_pb_text][et_pb_shop type=\u00bbproduct_category\u00bb include_categories=\u00bb36&#8243; columns_number=\u00bb1&#8243; orderby=\u00bbmenu_order\u00bb _builder_version=\u00bb4.16&#8243; title_font=\u00bbOswald|||on|||||\u00bb title_font_size=\u00bb18px\u00bb title_letter_spacing=\u00bb1px\u00bb title_line_height=\u00bb1.5em\u00bb price_font=\u00bbNunito||||||||\u00bb price_font_size=\u00bb16px\u00bb price_letter_spacing=\u00bb1px\u00bb price_line_height=\u00bb1.8em\u00bb text_orientation=\u00bbcenter\u00bb width=\u00bb56%\u00bb max_width=\u00bb65%\u00bb module_alignment=\u00bbcenter\u00bb min_height=\u00bb342px\u00bb height=\u00bb366px\u00bb global_colors_info=\u00bb{}\u00bb][\/et_pb_shop][\/et_pb_column][\/et_pb_row][et_pb_row _builder_version=\u00bb4.16&#8243; global_colors_info=\u00bb{}\u00bb][et_pb_column type=\u00bb4_4&#8243; _builder_version=\u00bb4.16&#8243; custom_padding=\u00bb|||\u00bb global_colors_info=\u00bb{}\u00bb custom_padding__hover=\u00bb|||\u00bb][et_pb_text admin_label=\u00bbTittle\u00bb _builder_version=\u00bb4.16&#8243; text_font=\u00bbNunito||||||||\u00bb text_font_size=\u00bb18px\u00bb text_line_height=\u00bb1.8em\u00bb header_text_align=\u00bbcenter\u00bb header_3_font=\u00bbOswald|||on|||||\u00bb header_3_font_size=\u00bb42px\u00bb header_3_letter_spacing=\u00bb2px\u00bb header_3_line_height=\u00bb1.5em\u00bb max_width=\u00bb100%\u00bb max_width_tablet=\u00bb\u00bb max_width_phone=\u00bb\u00bb max_width_last_edited=\u00bbon|phone\u00bb module_alignment=\u00bbleft\u00bb custom_margin=\u00bb|||\u00bb locked=\u00bboff\u00bb inline_fonts=\u00bbAlegreya\u00bb global_colors_info=\u00bb{}\u00bb]<\/p>\n<h3 style=\"text-align: center;\"><\/h3>\n<h3 style=\"text-align: center;\"><span style=\"font-family: Alegreya;\"><em>Aceite de Oliva Virgen Extra <\/em><\/span><\/h3>\n<h3 style=\"text-align: center;\"><strong><span style=\"font-family: Alegreya;\"><em>NATURE<\/em><\/span><\/strong><\/h3>\n<p>&nbsp;<\/p>\n<p>[\/et_pb_text][et_pb_text _builder_version=\u00bb4.16&#8243; _module_preset=\u00bbdefault\u00bb text_font=\u00bb||||||||\u00bb text_font_size=\u00bb1.6em\u00bb text_line_height=\u00bb1.6em\u00bb inline_fonts=\u00bbAlegreya Sans\u00bb global_colors_info=\u00bb{}\u00bb]<\/p>\n<p style=\"text-align: justify;\"><span>\u00a0 \u00a0 <span style=\"font-family: 'Alegreya Sans'; color: #2d1800;\">\u00a0El <strong>Aceite de Oliva Virgen Extra Nature Cortijo Colomo<\/strong>, se elabora principalmente con aceitunas Hojiblanca, Picual y Picuda. Estas se recogen en la zona de la Subb\u00e9tica Cordobesa durante los meses de diciembre y enero. Su sabor frutado y ligero de aceituna madura lo convierte en un aceite dulce, ligeramente amargo y picante casi imperceptible, hacen que est\u00e9 especialmente indicado para un uso generalizado en cocina, estofados y asados de carne, guisos, arroces, sofritos, es ideal tambi\u00e9n para frituras. <\/span><\/span><\/p>\n<p style=\"text-align: justify;\"><span style=\"font-family: 'Alegreya Sans'; color: #2d1800;\">\u00a0 \u00a0 \u00a0Todos nuestros formatos est\u00e1n disponibles para aquellos <em><strong>mayoristas<\/strong><\/em> que deseen adquirirlos, solo tiene que contactar con nosotros y les atenderemos encantados.<\/span><\/p>\n<p style=\"text-align: justify;\"><span><\/span><\/p>\n<p>[\/et_pb_text][et_pb_shop type=\u00bbproduct_category\u00bb include_categories=\u00bb21&#8243; columns_number=\u00bb3&#8243; orderby=\u00bbdate-desc\u00bb _builder_version=\u00bb4.16&#8243; title_font=\u00bbOswald|||on|||||\u00bb title_font_size=\u00bb18px\u00bb title_letter_spacing=\u00bb1px\u00bb title_line_height=\u00bb1.5em\u00bb price_font=\u00bbNunito||||||||\u00bb price_font_size=\u00bb16px\u00bb price_letter_spacing=\u00bb1px\u00bb price_line_height=\u00bb1.8em\u00bb text_orientation=\u00bbcenter\u00bb module_alignment=\u00bbcenter\u00bb global_colors_info=\u00bb{}\u00bb][\/et_pb_shop][\/et_pb_column][\/et_pb_row][\/et_pb_section]<\/p>\n","protected":false},"excerpt":{"rendered":"<p>Aceite de oliva VIRGEN EXTRA PremiuM\u00a0 \u00a0 \u00a0Nuestro AOVE PREMIUM CORTIJO COLOMO\u00a0nace del fruto de un trabajo exhaustivo y minucioso. Un aove \u00fanico. Un zumo de oliva directo a su plato y con todas sus propiedades naturales. De nuestros olivares milenarios, en la zona de la Subb\u00e9tica Cordobesa, a m\u00e1s de 1.000 metros de altura, [&hellip;]<\/p>\n","protected":false},"author":1,"featured_media":0,"parent":0,"menu_order":0,"comment_status":"closed","ping_status":"closed","template":"","meta":{"_et_pb_use_builder":"on","_et_pb_old_content":"","_et_gb_content_width":"","footnotes":""},"class_list":["post-736","page","type-page","status-publish","hentry"],"jetpack_sharing_enabled":true,"_links":{"self":[{"href":"https:\/\/cortijocolomo.com\/index.php\/wp-json\/wp\/v2\/pages\/736","targetHints":{"allow":["GET"]}}],"collection":[{"href":"https:\/\/cortijocolomo.com\/index.php\/wp-json\/wp\/v2\/pages"}],"about":[{"href":"https:\/\/cortijocolomo.com\/index.php\/wp-json\/wp\/v2\/types\/page"}],"author":[{"embeddable":true,"href":"https:\/\/cortijocolomo.com\/index.php\/wp-json\/wp\/v2\/users\/1"}],"replies":[{"embeddable":true,"href":"https:\/\/cortijocolomo.com\/index.php\/wp-json\/wp\/v2\/comments?post=736"}],"version-history":[{"count":78,"href":"https:\/\/cortijocolomo.com\/index.php\/wp-json\/wp\/v2\/pages\/736\/revisions"}],"predecessor-version":[{"id":1250,"href":"https:\/\/cortijocolomo.com\/index.php\/wp-json\/wp\/v2\/pages\/736\/revisions\/1250"}],"wp:attachment":[{"href":"https:\/\/cortijocolomo.com\/index.php\/wp-json\/wp\/v2\/media?parent=736"}],"curies":[{"name":"wp","href":"https:\/\/api.w.org\/{rel}","templated":true}]}}