{"id":418,"date":"2020-12-20T18:57:11","date_gmt":"2020-12-20T18:57:11","guid":{"rendered":"https:\/\/cortijocolomo.com\/?page_id=418"},"modified":"2020-12-21T19:12:21","modified_gmt":"2020-12-21T19:12:21","slug":"condiciones-de-uso","status":"publish","type":"page","link":"https:\/\/cortijocolomo.com\/index.php\/condiciones-de-uso\/","title":{"rendered":"Condiciones de uso"},"content":{"rendered":"<p>[et_pb_section fb_built=\u00bb1&#8243; _builder_version=\u00bb4.7.4&#8243; _module_preset=\u00bbdefault\u00bb][et_pb_row _builder_version=\u00bb4.7.4&#8243; _module_preset=\u00bbdefault\u00bb][et_pb_column type=\u00bb4_4&#8243; _builder_version=\u00bb4.7.4&#8243; _module_preset=\u00bbdefault\u00bb][et_pb_text _builder_version=\u00bb4.7.4&#8243; _module_preset=\u00bbdefault\u00bb hover_enabled=\u00bb0&#8243; sticky_enabled=\u00bb0&#8243;]<\/p>\n<p>REALIZAR UN PEDIDO<\/p>\n<p>&nbsp;<\/p>\n<p>Navega por la secci\u00f3n de Tienda, elige tus productos y a\u00f1\u00e1delos al carrito. Una vez realizado esto, ya puedes iniciar el proceso de compra. Si es tu primera compra, introduce los datos para registrarte o compra sin crear un usuario. Si ya eres cliente, puedes acceder con tu usuario y contrase\u00f1a.<\/p>\n<p>&nbsp;<\/p>\n<p>GASTOS DE ENV\u00cdO<\/p>\n<p>&nbsp;<\/p>\n<p>Los gastos de env\u00edo se calculan en funci\u00f3n de la direcci\u00f3n de env\u00edo del pedido, la cantidad de art\u00edculos del carrito y\/o las promociones aplicables en cada caso. Para consultarlo, introduce una direcci\u00f3n de env\u00edo en el carrito y se calcular\u00e1n autom\u00e1ticamente. Los gastos de env\u00edo ser\u00e1n gratuitos a partir de los 100\u20ac de compra.<\/p>\n<p>&nbsp;<\/p>\n<p>M\u00c9TODOS DE PAGO<\/p>\n<p>&nbsp;<\/p>\n<p>Los clientes pueden abonar las compras que realicen en la tienda online de Aceites Cortijo Colomo mediante alguno de los siguientes sistemas de pago seguros:<\/p>\n<p>&nbsp;<\/p>\n<p>\u00a0\u00a0\u00a0 Pago con tarjeta de cr\u00e9dito VISA o MASTERCARD<\/p>\n<p>\u00a0\u00a0\u00a0 Los datos de tu tarjeta se introducen directamente en el TPV virtual de la entidad bancaria, por lo que los datos bancarios se transmiten encriptados en un entorno seguro, de manera que no circulan por nuestro sistema inform\u00e1tico. Simplemente recibimos los datos de tu pedido y la confirmaci\u00f3n del pago que has efectuado.<\/p>\n<p>&nbsp;<\/p>\n<p>\u00a0\u00a0\u00a0 Te garantizamos que cada una de las transacciones realizadas en Aceites Cortijo Colomo es 100% segura. Todas las operaciones que implican la transmisi\u00f3n de datos personales o bancarios se realizan utilizando un entorno seguro. Aceites Cortijo Colomo utiliza un servidor basado en la tecnolog\u00eda de seguridad est\u00e1ndar SSL (Secure Socked Layer). Toda la informaci\u00f3n que nos transmitas viaja cifrada a trav\u00e9s de la red.<\/p>\n<p>&nbsp;<\/p>\n<p>\u00a0\u00a0\u00a0 Asimismo, los datos sobre tu tarjeta de cr\u00e9dito no quedan registrados en ninguna base de datos, sino que van directamente al TPV (Terminal Punto de Venta) del Banco.<\/p>\n<p>&nbsp;<\/p>\n<p>\u00a0\u00a0\u00a0 Adem\u00e1s, te informamos que, en un esfuerzo por proporcionar mayor seguridad a los propietarios de tarjetas de cr\u00e9dito, hemos incorporado en nuestra pasarela de pagos el sistema de pago seguro denominado CES (Comercio Electr\u00f3nico Seguro). De esta forma, si eres titular de una tarjeta \u201csecurizada\u201d siempre podr\u00e1 efectuar pagos con tarjeta VISA o MASTERCARD en nuestra tienda.<\/p>\n<p>&nbsp;<\/p>\n<p>\u00a0\u00a0\u00a0 En el caso de que tu tarjeta no est\u00e9 adherida a este sistema de pago, Aceites Cortijo Colomo s\u00f3lo admitir\u00e1 el pago con tarjeta de cr\u00e9dito VISA o MASTERCARD a clientes con antig\u00fcedad y fiabilidad demostradas anteriormente.<\/p>\n<p>&nbsp;<\/p>\n<p>\u00a0\u00a0\u00a0 En ambos casos, al pagar con tarjeta VISA o MASTERCARD se solicitar\u00e1n siempre los siguientes datos: el n\u00famero de tarjeta, la fecha de caducidad, y un C\u00f3digo de Validaci\u00f3n que coincide con las 3 \u00faltimas cifras del n\u00famero impreso en cursiva en el reverso de su tarjeta VISA o MASTERCARD, ofreciendo, de esta forma, m\u00e1s garant\u00edas acerca de la seguridad de la transacci\u00f3n.<\/p>\n<p>&nbsp;<\/p>\n<p>\u00a0\u00a0\u00a0 Importante: El fraude con tarjeta de cr\u00e9dito es un delito, y Aceites Cortijo Colomo entablar\u00e1 acci\u00f3n judicial contra todo aquel que realice una transacci\u00f3n fraudulenta en nuestra tienda online.<\/p>\n<p>\u00a0\u00a0\u00a0 Pago mediante PayPal<\/p>\n<p>\u00a0\u00a0\u00a0 Los datos de tu tarjeta se introducen directamente en el TPV virtual de PayPal, por lo que los datos bancarios se transmiten encriptados en un entorno seguro, de manera que no circulan por nuestro sistema inform\u00e1tico. Simplemente recibimos los datos de tu pedido y la confirmaci\u00f3n del pago que has efectuado.<\/p>\n<p>\u00a0\u00a0\u00a0 PayPal es una forma r\u00e1pida y segura de pago en internet. A trav\u00e9s de su plataforma puedes pagar f\u00e1cilmente tus compras con tarjeta de d\u00e9bito, tarjeta de cr\u00e9dito o cuenta bancaria.<\/p>\n<p>&nbsp;<\/p>\n<p>\u00a0\u00a0\u00a0 Transferencia Bancaria<\/p>\n<p>\u00a0\u00a0\u00a0 En el caso de los pedidos que se deseen abonar por transferencia bancaria, el pago deber\u00e1 realizarse en el n\u00famero de cuenta que se indique en el momento de la finalizaci\u00f3n del pedido y este no se procesar\u00e1 y enviar\u00e1 hasta que se haya verificado que el pago ha llegado correctamente a la cuenta bancaria de Aceites Cortijo Colomo.<\/p>\n<p>&nbsp;<\/p>\n<p>En Aceites Cortijo Colomo confiamos la seguridad de nuestros pagos a Banco Santander, Redsys y PayPal. Estas entidades son quienes realizan los cobros con sus sistemas de seguridad. Nosotros no tenemos acceso a los datos bancarios, por tanto, no los almacenamos.<\/p>\n<p>&nbsp;<\/p>\n<p>PLAZO DE ENTREGA<\/p>\n<p>&nbsp;<\/p>\n<p>La entrega se realizar\u00e1 en el plazo de 1 a 4 d\u00edas laborables en todos los destinos peninsulares y en las islas Baleares.<\/p>\n<p>&nbsp;<\/p>\n<p>CONDICIONES DE ENTREGA<\/p>\n<p>&nbsp;<\/p>\n<p>Los productos se env\u00edan a la direcci\u00f3n indicada por el cliente durante la realizaci\u00f3n del pedido.<\/p>\n<p>&nbsp;<\/p>\n<p>Con el fin de optimizar la entrega, sugerimos al comprador que indique una direcci\u00f3n en la cual el pedido pueda ser entregado en d\u00edas laborables de lunes a viernes de 9 h a 19 horas.<\/p>\n<p>&nbsp;<\/p>\n<p>El plazo de entrega es de, como m\u00e1ximo, 4 d\u00edas laborales.<\/p>\n<p>&nbsp;<\/p>\n<p>Habitualmente realizamos los env\u00edos con la empresa de transporte Transaher.<\/p>\n<p>&nbsp;<\/p>\n<p>Los gastos de env\u00edo incluyen el embalaje, la manipulaci\u00f3n y el env\u00edo. Todos los env\u00edos van adecuadamente protegidos en cajas dise\u00f1adas especialmente para garantizar que el producto llegue en perfectas condiciones.<\/p>\n<p>&nbsp;<\/p>\n<p>En caso de que el transportista intentara entregarle el paquete y no hubiera nadie para recibirlo, le dejar\u00e1 una nota haciendo constar el intento de entrega. Usted podr\u00e1 contactar con la agencia de transporte a trav\u00e9s del n\u00famero de tel\u00e9fono que encontrar\u00e1 en la nota, con el fin de acordar una nueva entrega. O bien se pondr\u00e1n en contacto con usted por tel\u00e9fono si ha dejado un n\u00famero de tel\u00e9fono de contacto al realizar su pedido. Aceites Cortijo Colomo no asume ninguna responsabilidad por las consecuencias de posibles retrasos en el env\u00edo.<\/p>\n<p>&nbsp;<\/p>\n<p>INCIDENCIAS Y DEVOLUCIONES<\/p>\n<p>&nbsp;<\/p>\n<p>En el caso de detectar desperfectos en el embalaje a la recepci\u00f3n de un pedido, recomendamos no aceptarlo y comunicar al transportista que el env\u00edo es rechazado. Si encuentras un producto en mal estado, haz una fotograf\u00eda. En ambos casos, deber\u00e1s escribir un correo a info@aceitesdelasheras.com para gestionar la incidencia y proceder a un nuevo env\u00edo correcto o la devoluci\u00f3n del dinero.<\/p>\n<p>POLITICA DE PRIVACIDAD Y AVISO LEGAL<\/p>\n<p>&nbsp;<\/p>\n<p>AVISO LEGAL LSSI \u2013 CE<\/p>\n<p>&nbsp;<\/p>\n<p>En cumplimiento de la Ley 34\/2002, de 11 de julio, de Servicios de la Sociedad de la Informaci\u00f3n y de Comercio Electr\u00f3nico (LSSI-CE), la entidad Aceites Cortijo Colomo le informa que es titular del sitio web. De acuerdo con la exigencia del art\u00edculo 10 de la citada Ley, informa de los siguientes datos:<\/p>\n<p>&nbsp;<\/p>\n<p>\u00a0\u00a0\u00a0 El titular de este sitio web es: Evaristo Jim\u00e9nez Jim\u00e9nez<\/p>\n<p>\u00a0\u00a0\u00a0 NIF: 50641747W<\/p>\n<p>\u00a0\u00a0\u00a0 Domicilio social: c\/Cerro de la cruz n11<\/p>\n<p>Almedinilla-C\u00f3rdoba<\/p>\n<p>&nbsp;<\/p>\n<p>RESPONSABILIDAD Y ACCESO DE MENORES<\/p>\n<p>&nbsp;<\/p>\n<p>Aceites Cortijo Colomo s\u00f3lo permite el acceso, navegaci\u00f3n, compra y gesti\u00f3n de los pedidos a las personas mayores de edad seg\u00fan la legislaci\u00f3n de cada pa\u00eds.<\/p>\n<p>&nbsp;<\/p>\n<p>La empresa se declara responsable en lo que respecta al acceso a menores y declara que conoce la legislaci\u00f3n al respecto vigente en todos los pa\u00edses a los que env\u00eda productos.<\/p>\n<p>&nbsp;<\/p>\n<p>PROTECCI\u00d3N DE DATOS<\/p>\n<p>&nbsp;<\/p>\n<p>La empresa garantiza a los usuarios de la p\u00e1gina web que cumple con el Reglamento General de Protecci\u00f3n de Datos (UE) 2016\/679, y que ha establecido las medidas de seguridad exigidas por las leyes y reglamentos destinados a preservar el secreto, confidencialidad e integridad en el tratamiento de sus datos personales.<\/p>\n<p>&nbsp;<\/p>\n<p>Dichos datos personales ser\u00e1n utilizados en la forma y con las limitaciones y derechos que concede la protecci\u00f3n de datos de car\u00e1cter personal.<\/p>\n<p>&nbsp;<\/p>\n<p>La recogida y tratamiento de los datos personales solicitados tiene como finalidad la atenci\u00f3n al usuario, tanto administrativa como comercial. Aceites Cortijo Colomo se compromete a guardar la m\u00e1xima reserva, secreto y confidencialidad sobre la informaci\u00f3n de los datos personales que tiene a su disposici\u00f3n. Usted tiene derecho a obtener confirmaci\u00f3n sobre si en\u00a0Aceites Cortijo Colomo estamos tratando sus datos personales, por tanto, tiene derecho a acceder a sus datos personales, rectificar los datos inexacto o solicitar su supresi\u00f3n cuando los datos ya no sean necesarios para los fines que fueron recogidos.<\/p>\n<p>&nbsp;<\/p>\n<p>USUARIOS<\/p>\n<p>&nbsp;<\/p>\n<p>El acceso y\/o uso de este portal le atribuye la condici\u00f3n de USUARIO, que acepta, desde dicho acceso y\/o uso, las Condiciones Generales de Uso aqu\u00ed reflejadas. Las citadas Condiciones ser\u00e1n de aplicaci\u00f3n independientemente de las Condiciones Generales de Contrataci\u00f3n que en su caso resulten de obligado cumplimiento.<\/p>\n<p>&nbsp;<\/p>\n<p>USO DEL PORTAL<\/p>\n<p>&nbsp;<\/p>\n<p>La p\u00e1gina web proporciona el acceso a multitud de informaciones, servicios, programas o datos (en adelante, \u201clos contenidos\u201d) en Internet pertenecientes a Aceites Cortijo Colomo o a sus licenciantes a los que el USUARIO pueda tener acceso. El USUARIO asume la responsabilidad del uso del portal. Dicha responsabilidad se extiende al registro que fuese necesario para acceder a determinados servicios o contenidos.<\/p>\n<p>&nbsp;<\/p>\n<p>En dicho registro el USUARIO ser\u00e1 responsable de aportar informaci\u00f3n veraz y l\u00edcita. Como consecuencia de este registro, al USUARIO se le puede proporcionar una contrase\u00f1a de la que ser\u00e1 responsable, comprometi\u00e9ndose a hacer un uso diligente y confidencial de la misma. El USUARIO se compromete a hacer un uso adecuado de los contenidos y servicios que Aceites Cortijo Colomo a trav\u00e9s de su portal y con car\u00e1cter enunciativo, pero no limitativo, a no emplearlos para:<\/p>\n<p>&nbsp;<\/p>\n<p>\u00a0\u00a0\u00a0 Incurrir en actividades il\u00edcitas, ilegales o contrarias a la buena fe y al orden p\u00fablico<\/p>\n<p>\u00a0\u00a0\u00a0 Difundir contenidos o propaganda de car\u00e1cter racista, xen\u00f3fobo, pornogr\u00e1fico-ilegal, de apolog\u00eda del terrorismo o atentatorio contra los derechos humanos.<\/p>\n<p>\u00a0\u00a0\u00a0 Provocar da\u00f1os en los sistemas f\u00edsicos y l\u00f3gicos de Aceites Cortijo Colomo, de sus proveedores o de terceras personas, introducir o difundir en la red virus inform\u00e1ticos o cualesquiera otros sistemas f\u00edsicos o l\u00f3gicos que sean susceptibles de provocar los da\u00f1os anteriormente mencionados;<\/p>\n<p>\u00a0\u00a0\u00a0 Intentar acceder y, en su caso, utilizar las cuentas de correo electr\u00f3nico de otros usuarios y modificar o manipular sus mensajes. Aceites Cortijo Colomo se reserva el derecho de retirar todos aquellos comentarios y aportaciones que vulneren el respeto a la dignidad de la persona, que sean discriminatorios, xen\u00f3fobos, racistas, pornogr\u00e1ficos, que atenten contra la juventud o la infancia, el orden o la seguridad p\u00fablica o que, a su juicio, no resultaran adecuados para su publicaci\u00f3n. En cualquier caso, Aceites Cortijo Colomo no ser\u00e1 responsable de las opiniones vertidas por los usuarios a trav\u00e9s de los foros, chats, u otras herramientas de participaci\u00f3n.<\/p>\n<p>&nbsp;<\/p>\n<p>PROPIEDAD INTELECTUAL E INDUSTRIAL<\/p>\n<p>&nbsp;<\/p>\n<p>ACEITES DE LAS HERAS, S.L.U. ser\u00e1 titular de todos los derechos de propiedad intelectual e industrial de su p\u00e1gina web, as\u00ed como de los elementos contenidos en la misma (a t\u00edtulo enunciativo, im\u00e1genes, sonido, audio, v\u00eddeo, software o textos; marcas o logotipos, combinaciones de colores, estructura y dise\u00f1o, selecci\u00f3n de materiales usados, programas de ordenador necesarios para su funcionamiento, acceso y uso, etc.).<\/p>\n<p>&nbsp;<\/p>\n<p>Todos los derechos reservados. En virtud de lo dispuesto en los art\u00edculos 8 y 32.1, p\u00e1rrafo segundo, de la Ley de Propiedad Intelectual, quedan expresamente prohibidas la reproducci\u00f3n, la distribuci\u00f3n y la comunicaci\u00f3n p\u00fablica, incluida su modalidad de puesta a disposici\u00f3n, de la totalidad o parte de los contenidos de esta p\u00e1gina web, con fines comerciales, en cualquier soporte y por cualquier medio t\u00e9cnico, sin la autorizaci\u00f3n de \u00a0\u00a0\u00a0El USUARIO se compromete a respetar los derechos de Propiedad Intelectual e Industrial titularidad de Aceites Cortijo Colomo podr\u00e1 visualizar los elementos del portal e incluso imprimirlos, copiarlos y almacenarlos en el disco duro de su ordenador o en cualquier otro soporte f\u00edsico siempre y cuando sea, \u00fanica y exclusivamente, para su uso personal y privado. El USUARIO deber\u00e1 abstenerse de suprimir, alterar, eludir o manipular cualquier dispositivo de protecci\u00f3n o sistema de seguridad que estuviera instalado en el las p\u00e1ginas de Aceites Cortijo Colomo.<\/p>\n<p>&nbsp;<\/p>\n<p>EXCLUSI\u00d3N DE GARANT\u00cdAS Y RESPONSABILIDAD<\/p>\n<p>&nbsp;<\/p>\n<p>Aceites Cortijo Colomo no se hace responsable, en ning\u00fan caso, de los da\u00f1os y perjuicios de cualquier naturaleza que pudieran ocasionar, a t\u00edtulo enunciativo: errores u omisiones en los contenidos, falta de disponibilidad del portal o la transmisi\u00f3n de virus o programas maliciosos o lesivos en los contenidos, a pesar de haber adoptado todas las medidas tecnol\u00f3gicas necesarias para evitarlo.<\/p>\n<p>&nbsp;<\/p>\n<p>MODIFICACIONES<\/p>\n<p>&nbsp;<\/p>\n<p>Aceites Cortijo Colomo se reserva el derecho de efectuar sin previo aviso las modificaciones que considere oportunas en su portal, pudiendo cambiar, suprimir o a\u00f1adir tanto los contenidos y servicios que se presten a trav\u00e9s de la misma como la forma en la que \u00e9stos aparezcan presentados o localizados en su portal.<\/p>\n<p>&nbsp;<\/p>\n<p>ENLACES<\/p>\n<p>&nbsp;<\/p>\n<p>En el caso de que en la p\u00e1gina web se dispusiesen enlaces o hiperv\u00ednculos hac\u00eda otros sitios de Internet, Aceites Cortijo Colomo no ejercer\u00e1 ning\u00fan tipo de control sobre dichos sitios y contenidos. En ning\u00fan caso Aceites Cortijo Colomo asumir\u00e1 responsabilidad alguna por los contenidos de alg\u00fan enlace perteneciente a un sitio web ajeno, ni garantizar\u00e1 la disponibilidad t\u00e9cnica, calidad, fiabilidad, exactitud, amplitud, veracidad, validez y constitucionalidad de cualquier material o informaci\u00f3n contenida en ninguno de dichos hiperv\u00ednculos u otros sitios de Internet.<\/p>\n<p>&nbsp;<\/p>\n<p>Igualmente, la inclusi\u00f3n de estas conexiones externas no implicar\u00e1 ning\u00fan tipo de asociaci\u00f3n, fusi\u00f3n o participaci\u00f3n con las entidades conectadas.<\/p>\n<p>&nbsp;<\/p>\n<p>DERECHO DE EXCLUSI\u00d3N<\/p>\n<p>&nbsp;<\/p>\n<p>Aceites Cortijo Colomo se reserva el derecho a denegar o retirar el acceso a portal y\/o los servicios ofrecidos sin necesidad de preaviso, a instancia propia o de un tercero, a aquellos usuarios que incumplan las presentes Condiciones Generales de Uso.<\/p>\n<p>&nbsp;<\/p>\n<p>GENERALIDADES<\/p>\n<p>&nbsp;<\/p>\n<p>Aceites Cortijo Colomo perseguir\u00e1 el incumplimiento de las presentes condiciones, as\u00ed como cualquier utilizaci\u00f3n indebida de su portal ejerciendo todas las acciones civiles y penales que le puedan corresponder en derecho.<\/p>\n<p>&nbsp;<\/p>\n<p>MODIFICACI\u00d3N DE LAS PRESENTES CONDICIONES Y DURACI\u00d3N<\/p>\n<p>&nbsp;<\/p>\n<p>Aceites Cortijo Colomo podr\u00e1 modificar en cualquier momento las condiciones aqu\u00ed determinadas, siendo debidamente publicadas como aqu\u00ed aparecen. La vigencia de las citadas condiciones ir\u00e1 en funci\u00f3n de su exposici\u00f3n y estar\u00e1n vigentes hasta que sean modificadas por otras.<\/p>\n<p>&nbsp;<\/p>\n<p>LEGISLACI\u00d3N APLICABLE Y JURISDICCI\u00d3N<\/p>\n<p>&nbsp;<\/p>\n<p>La relaci\u00f3n entre Aceites Cortijo Colomo y el USUARIO se regir\u00e1 por la normativa espa\u00f1ola vigente y cualquier controversia se someter\u00e1 a los Juzgados y tribunales de la ciudad anteriormente indicada.<\/p>\n<p>POL\u00cdTICA DE COOKIES<\/p>\n<p>&nbsp;<\/p>\n<p>Una cookie es un archivo de informaci\u00f3n que el servidor de este sitio web env\u00eda al dispositivo (ordenador, smartphone, tablet, etc.) de quien accede a la p\u00e1gina para almacenar y recuperar informaci\u00f3n sobre la navegaci\u00f3n que se efect\u00faa desde dicho equipo.<\/p>\n<p>&nbsp;<\/p>\n<p>Aceites Cortijo Colomo utiliza diversos tipos de cookies (t\u00e9cnicas, anal\u00edticas y sociales) \u00fanicamente con la finalidad de mejorar la navegaci\u00f3n del usuario en el sitio web, sin ning\u00fan tipo de objeto publicitario o similar.<\/p>\n<p>&nbsp;<\/p>\n<p>Aceites Cortijo Colomo, a trav\u00e9s de las cookies no recoge dato personal alguno. Todas las cookies, salvo las utilizadas por el sistema de estad\u00edsticas Google Analytics son temporales y desaparecen al concluir la sesi\u00f3n.<\/p>\n<p>&nbsp;<\/p>\n<p>\u00a0\u00a0\u00a0\u00a0\u00a0\u00a0\u00a0\u00a0\u00a0\u00a0\u00a0\u00a0\u00a0\u00a0\u00a0\u00a0\u00a0\u00a0\u00a0\u00a0\u00a0\u00a0\u00a0 Aceites Cortijo Colomo utiliza en este sitio web las cookies que se detallan a continuaci\u00f3n:<\/p>\n<p>Tipo<\/p>\n<p>&nbsp;<\/p>\n<p>Caducidad<\/p>\n<p>&nbsp;<\/p>\n<p>Finalidad<\/p>\n<p>&nbsp;<\/p>\n<p>Propias\/Terceros<\/p>\n<p>Cookies de sesi\u00f3n \u00a0\u00a0\u00a0\u00a0\u00a0\u00a0\u00a0\u00a0\u00a0\u00a0<\/p>\n<p>(Desaparecen al concluir la sesi\u00f3n ) Para garantizar que los usuarios que escriban comentarios en el blog sean humanos y no aplicaciones automatizadas. De esta forma se combate el spam. \u00a0\u00a0\u00a0\u00a0\u00a0<\/p>\n<p>&nbsp;<\/p>\n<p>Propias<\/p>\n<p>Google Analytics<\/p>\n<p>Para poder elaborar estad\u00edsticas sobre el tr\u00e1fico y volumen de visitas de esta web. Al utilizar este sitio web est\u00e1 consintiendo el tratamiento de informaci\u00f3n acerca de usted por Google.<\/p>\n<p>&nbsp;<\/p>\n<p>Terceros<\/p>\n<p>Redes sociales<\/p>\n<p>\u00a0Cada red social utiliza sus propias cookies para que usted pueda pinchar en botones del tipo Me gusta o Compartir. \u00a0\u00a0\u00a0\u00a0\u00a0\u00a0\u00a0\u00a0\u00a0\u00a0\u00a0\u00a0\u00a0\u00a0\u00a0<\/p>\n<p>&nbsp;<\/p>\n<p>Terceros\u00a0<\/p>\n<p>El usuario podr\u00e1, en cualquier momento, elegir qu\u00e9 cookies quiere que funcionen en este sitio web mediante:<\/p>\n<p>&nbsp;<\/p>\n<ol>\n<li>a) La configuraci\u00f3n del navegador; (indicar enlace en cada navegador para habilitar o deshabilitar cookies)<\/li>\n<li>b) Herramientas de terceros, disponibles on line, que permiten a los usuarios detectar las cookies en cada sitio web que visita y gestionar su desactivaci\u00f3n.<\/li>\n<\/ol>\n<p>&nbsp;<\/p>\n<p>Ni esta web, ni sus representantes legales se hacen responsables ni del contenido ni de la veracidad de las pol\u00edticas de privacidad que puedan tener los terceros mencionados en esta pol\u00edtica de cookies.<\/p>\n<p>&nbsp;<\/p>\n<p>La aceptaci\u00f3n de la presente pol\u00edtica implica que el usuario ha sido informado de una forma clara y completa sobre el uso de dispositivos de almacenamiento y recuperaci\u00f3n de datos (cookies) as\u00ed como que Aceites Cortijo Colomo dispone del consentimiento del usuario para el uso de las mismas tal y como establece el art\u00edculo 22 de la Ley 34\/2002, de 11 de julio, de Servicios de la Sociedad de la Informaci\u00f3n y Comercio Electr\u00f3nico (LSSI-CE).<\/p>\n<p>[\/et_pb_text][\/et_pb_column][\/et_pb_row][\/et_pb_section]<\/p>\n","protected":false},"excerpt":{"rendered":"<p>REALIZAR UN PEDIDO &nbsp; Navega por la secci\u00f3n de Tienda, elige tus productos y a\u00f1\u00e1delos al carrito. Una vez realizado esto, ya puedes iniciar el proceso de compra. Si es tu primera compra, introduce los datos para registrarte o compra sin crear un usuario. Si ya eres cliente, puedes acceder con tu usuario y contrase\u00f1a. [&hellip;]<\/p>\n","protected":false},"author":1,"featured_media":0,"parent":0,"menu_order":0,"comment_status":"closed","ping_status":"closed","template":"","meta":{"_et_pb_use_builder":"on","_et_pb_old_content":"","_et_gb_content_width":"","footnotes":""},"class_list":["post-418","page","type-page","status-publish","hentry"],"jetpack_sharing_enabled":true,"_links":{"self":[{"href":"https:\/\/cortijocolomo.com\/index.php\/wp-json\/wp\/v2\/pages\/418","targetHints":{"allow":["GET"]}}],"collection":[{"href":"https:\/\/cortijocolomo.com\/index.php\/wp-json\/wp\/v2\/pages"}],"about":[{"href":"https:\/\/cortijocolomo.com\/index.php\/wp-json\/wp\/v2\/types\/page"}],"author":[{"embeddable":true,"href":"https:\/\/cortijocolomo.com\/index.php\/wp-json\/wp\/v2\/users\/1"}],"replies":[{"embeddable":true,"href":"https:\/\/cortijocolomo.com\/index.php\/wp-json\/wp\/v2\/comments?post=418"}],"version-history":[{"count":4,"href":"https:\/\/cortijocolomo.com\/index.php\/wp-json\/wp\/v2\/pages\/418\/revisions"}],"predecessor-version":[{"id":454,"href":"https:\/\/cortijocolomo.com\/index.php\/wp-json\/wp\/v2\/pages\/418\/revisions\/454"}],"wp:attachment":[{"href":"https:\/\/cortijocolomo.com\/index.php\/wp-json\/wp\/v2\/media?parent=418"}],"curies":[{"name":"wp","href":"https:\/\/api.w.org\/{rel}","templated":true}]}}